{"id":461,"date":"2022-02-10T20:24:37","date_gmt":"2022-02-10T19:24:37","guid":{"rendered":"https:\/\/sidebyside-masken.de\/?post_type=product&#038;p=461"},"modified":"2022-02-10T20:24:37","modified_gmt":"2022-02-10T19:24:37","slug":"sidebyside-2-in-one-masken","status":"publish","type":"product","link":"https:\/\/sidebyside-masken.de\/en\/produkt\/sidebyside-2-in-one-masken\/","title":{"rendered":"\u201eSidebyside\u00ae 2 in one\u201c-Masken"},"content":{"rendered":"<p>wurden entwickelt, um das Tragen von medizinischen oder FFP2 (US: N95) Masken zu verbessern.<\/p>\n<p>Der Tr\u00e4ger von \u201eSidebyside \u00ae 2 in one\u201c-Masken profitiert vom Komfort dieses Produkts.<\/p>\n<p>Sie erf\u00fcllt die gesetzlichen Anforderungen in Deutschland, sofern eine medizinische (OP- Maske) oder FFP2-Maske im Inneren eingesetzt wird.<\/p>\n<p><u>Anwendungszweck:<\/u><\/p>\n<p>Eine gut sitzende Maske kann das Infektionsrisiko deutlich reduzieren. Unser \u201eSidebyside \u00ae 2 in one\u201c verbessert die Passform des FFP2 (US: N95).<\/p>\n<p>W\u00e4hrend chirurgische Masken nur Ihre Umgebung und nicht den Tr\u00e4ger selbst sch\u00fctzen (einseitiger Schutz), filtern FFP2-Masken die Tr\u00f6pfchen und Aerosole und bieten einen pers\u00f6nlichen Schutz f\u00fcr ihren Tr\u00e4ger aber auch f\u00fcr die Umgebung.<\/p>\n<p>\u201eSidebyside \u00ae 2 in one\u201c gibt uns ein besseres Lebensgef\u00fchl, einen besseren Lebensstil, in einem breiten Feld an Vermarktungsm\u00f6glichkeiten:<\/p>\n<ul>\n<li>Einzelhandel<\/li>\n<li>Supermarkt<\/li>\n<li>Schulen, Universit\u00e4ten<\/li>\n<li>Busse, \u00f6ffentliche Verkehrsmittel im Allgemeinen<\/li>\n<li>Bahn und Flugverkehr<\/li>\n<li>sportliche Aktivit\u00e4ten, Publikum<\/li>\n<li>Kultur, Theater, Konzerte, Kinos etc.<\/li>\n<\/ul>\n<p>Eigenschaften:<\/p>\n<ul>\n<li>Besserer Sitz: Besserer Sitz am Gesicht und verstellbare Ohrschlaufen verhindern zuverl\u00e4ssiger das Eindringen von ungefilterter Luft.<\/li>\n<li>Die reduzierte Leckage (weniger ungefilterte Atemluft) sch\u00fctzt besser vor Aerosolen.<\/li>\n<li>Einfache Handhabung, sehr gut geeignet f\u00fcr Kinder und Senioren.<\/li>\n<li>Geringer Atemwiderstand im Vergleich zur alleinigen Verwendung von FFP2- oder OP-Masken, obwohl diese und damit deren Schutz zus\u00e4tzlich hinterlegt sind.<\/li>\n<li>OP-Masken sind (in Deutschland) f\u00fcr Sch\u00fcler bis zum Alter von 12 Jahren erlaubt \u2013 diese haben aber eine schlechte Durchl\u00e4ssigkeit, daher tr\u00e4gt der SidebySde 2 in one extrem zur Reduktion bei. Dies wurde an der Leibniz Universit\u00e4t Hannover getestet. Auch Kindern bietet die \u201eSidebyside \u00ae 2 in one also einen gro\u00dfen Komfort<\/li>\n<li>Wiederverwendbar \u2013 bis zu 100 Mal bei 60\u00b0C waschbar.<\/li>\n<li>Brillengl\u00e4ser beschlagen bei richtiger Handhabung nicht mehr.<\/li>\n<li>Keine Hautirritationen &#8211; dank \u00d6ko-Material.<\/li>\n<li>Maskenschutz, die FFP2-Maske ( OP-Masken) auf der Innenseite kann l\u00e4nger verwendet werden.<\/li>\n<li>K\u00fchlende Eigenschaften beim Tragen.<\/li>\n<li>Sehr gut geeignet bei Neurodermitis und anderen Hautunvertr\u00e4glichkeiten.<\/li>\n<li>Vegan -Keine Biozide\/Silberionen oder andere chemische Substanzen.<\/li>\n<li>Hochwertiger Oberstoff nach Oekotex Standard https:\/\/www.oeko-tex.com\/de<\/li>\n<li>UPF 50+ (UV-gesch\u00fctzt)<\/li>\n<li>Schnelles Trocknen<\/li>\n<li>Verstellbare Ohrschlaufen<\/li>\n<li>Hergestellt gem\u00e4\u00df der europ\u00e4ischen Norm CWA 17553:2020<\/li>\n<li>Alle Schritte werden wissenschaftlich begleitet durch die Leibniz Universit\u00e4t, Hannover, Institut f\u00fcr Mehrphasenprozesse (IMP).<\/li>\n<\/ul>\n","protected":false},"excerpt":{"rendered":"<p>wurden entwickelt, um das Tragen von medizinischen oder FFP2 (US: N95) Masken zu verbessern. Der Tr\u00e4ger von \u201eSidebyside \u00ae 2 in one\u201c-Masken profitiert vom Komfort dieses Produkts. Sie erf\u00fcllt die gesetzlichen Anforderungen in Deutschland, sofern eine medizinische (OP- Maske) oder FFP2-Maske im Inneren eingesetzt wird. Anwendungszweck: Eine gut sitzende Maske kann das Infektionsrisiko deutlich reduzieren. &hellip; <\/p>\n<p class=\"link-more\"><a href=\"https:\/\/sidebyside-masken.de\/en\/produkt\/sidebyside-2-in-one-masken\/\" class=\"more-link\">Continue reading<span class=\"screen-reader-text\"> &#8220;\u201eSidebyside\u00ae 2 in one\u201c-Masken&#8221;<\/span><\/a><\/p>\n","protected":false},"featured_media":0,"comment_status":"closed","ping_status":"closed","template":"","meta":[],"product_brand":[],"product_cat":[15],"product_tag":[],"class_list":{"0":"post-461","1":"product","2":"type-product","3":"status-publish","5":"product_cat-unkategorisiert","7":"first","8":"instock","9":"taxable","10":"shipping-taxable","11":"product-type-simple"},"translation":{"provider":"WPGlobus","version":"3.0.2","language":"en","enabled_languages":["de","en"],"languages":{"de":{"title":true,"content":true,"excerpt":false},"en":{"title":false,"content":false,"excerpt":false}}},"_links":{"self":[{"href":"https:\/\/sidebyside-masken.de\/en\/wp-json\/wp\/v2\/product\/461","targetHints":{"allow":["GET"]}}],"collection":[{"href":"https:\/\/sidebyside-masken.de\/en\/wp-json\/wp\/v2\/product"}],"about":[{"href":"https:\/\/sidebyside-masken.de\/en\/wp-json\/wp\/v2\/types\/product"}],"replies":[{"embeddable":true,"href":"https:\/\/sidebyside-masken.de\/en\/wp-json\/wp\/v2\/comments?post=461"}],"wp:attachment":[{"href":"https:\/\/sidebyside-masken.de\/en\/wp-json\/wp\/v2\/media?parent=461"}],"wp:term":[{"taxonomy":"product_brand","embeddable":true,"href":"https:\/\/sidebyside-masken.de\/en\/wp-json\/wp\/v2\/product_brand?post=461"},{"taxonomy":"product_cat","embeddable":true,"href":"https:\/\/sidebyside-masken.de\/en\/wp-json\/wp\/v2\/product_cat?post=461"},{"taxonomy":"product_tag","embeddable":true,"href":"https:\/\/sidebyside-masken.de\/en\/wp-json\/wp\/v2\/product_tag?post=461"}],"curies":[{"name":"wp","href":"https:\/\/api.w.org\/{rel}","templated":true}]}}