{"id":149,"date":"2021-05-16T23:13:42","date_gmt":"2021-05-16T21:13:42","guid":{"rendered":"http:\/\/s858584942.online.de\/?post_type=product&#038;p=149"},"modified":"2021-05-16T23:13:42","modified_gmt":"2021-05-16T21:13:42","slug":"alltags-community-maske","status":"publish","type":"product","link":"https:\/\/sidebyside-masken.de\/en\/produkt\/alltags-community-maske\/","title":{"rendered":"Alltags (Community)-Maske"},"content":{"rendered":"<ul style=\"margin-left: .375in; direction: ltr; unicode-bidi: embed; margin-top: 0in; margin-bottom: 0in;\" type=\"disc\">\n<li style=\"margin-top: 0; margin-bottom: 0; vertical-align: middle;\"><span style=\"font-family: Calibri; font-size: 11.0pt;\">\u00d6ko-Material, keine Hautreizung, Keine Akne<\/span><\/li>\n<li style=\"margin-top: 0; margin-bottom: 0; vertical-align: middle;\"><span style=\"font-family: Calibri; font-size: 11.0pt;\">Angenehmer zu tragen<\/span><\/li>\n<li style=\"margin-top: 0; margin-bottom: 0; vertical-align: middle;\"><span style=\"font-family: Calibri; font-size: 11.0pt;\">Personalisier-\/Bedruckbar<\/span><\/li>\n<li style=\"margin-top: 0; margin-bottom: 0; vertical-align: middle;\"><span style=\"font-family: Calibri; font-size: 11.0pt;\">In mehreren Gr\u00f6\u00dfen erh\u00e4ltlich<\/span><\/li>\n<\/ul>\n<ul style=\"margin-left: .375in; direction: ltr; unicode-bidi: embed; margin-top: 0in; margin-bottom: 0in;\" type=\"disc\">\n<li style=\"margin-top: 0; margin-bottom: 0; vertical-align: middle;\"><span style=\"font-family: Calibri; font-size: 11.0pt;\">Keine Biozide\/Silberiode oder andere Chemische Stoffe<\/span><\/li>\n<li style=\"margin-top: 0; margin-bottom: 0; vertical-align: middle;\"><span style=\"font-family: Calibri; font-size: 11.0pt;\">Waschbar (in der normalen Waschmaschine)<\/span><\/li>\n<\/ul>\n","protected":false},"excerpt":{"rendered":"<p>\u00d6ko-Material, keine Hautreizung, Keine Akne Angenehmer zu tragen Personalisier-\/Bedruckbar In mehreren Gr\u00f6\u00dfen erh\u00e4ltlich Keine Biozide\/Silberiode oder andere Chemische Stoffe Waschbar (in der normalen Waschmaschine)<\/p>\n","protected":false},"featured_media":0,"comment_status":"closed","ping_status":"closed","template":"","meta":[],"product_brand":[],"product_cat":[15],"product_tag":[],"class_list":{"0":"post-149","1":"product","2":"type-product","3":"status-publish","5":"product_cat-unkategorisiert","7":"first","8":"instock","9":"taxable","10":"shipping-taxable","11":"product-type-simple"},"translation":{"provider":"WPGlobus","version":"3.0.2","language":"en","enabled_languages":["de","en"],"languages":{"de":{"title":true,"content":true,"excerpt":false},"en":{"title":false,"content":false,"excerpt":false}}},"_links":{"self":[{"href":"https:\/\/sidebyside-masken.de\/en\/wp-json\/wp\/v2\/product\/149","targetHints":{"allow":["GET"]}}],"collection":[{"href":"https:\/\/sidebyside-masken.de\/en\/wp-json\/wp\/v2\/product"}],"about":[{"href":"https:\/\/sidebyside-masken.de\/en\/wp-json\/wp\/v2\/types\/product"}],"replies":[{"embeddable":true,"href":"https:\/\/sidebyside-masken.de\/en\/wp-json\/wp\/v2\/comments?post=149"}],"wp:attachment":[{"href":"https:\/\/sidebyside-masken.de\/en\/wp-json\/wp\/v2\/media?parent=149"}],"wp:term":[{"taxonomy":"product_brand","embeddable":true,"href":"https:\/\/sidebyside-masken.de\/en\/wp-json\/wp\/v2\/product_brand?post=149"},{"taxonomy":"product_cat","embeddable":true,"href":"https:\/\/sidebyside-masken.de\/en\/wp-json\/wp\/v2\/product_cat?post=149"},{"taxonomy":"product_tag","embeddable":true,"href":"https:\/\/sidebyside-masken.de\/en\/wp-json\/wp\/v2\/product_tag?post=149"}],"curies":[{"name":"wp","href":"https:\/\/api.w.org\/{rel}","templated":true}]}}