{"id":227,"date":"2021-06-15T23:55:52","date_gmt":"2021-06-15T21:55:52","guid":{"rendered":"http:\/\/s858584942.online.de\/?page_id=227"},"modified":"2021-08-26T11:11:03","modified_gmt":"2021-08-26T09:11:03","slug":"tragekomfort","status":"publish","type":"page","link":"https:\/\/sidebyside-masken.de\/en\/tragekomfort\/","title":{"rendered":"Tragekomfort"},"content":{"rendered":"\n<figure class=\"wp-block-image size-large\"><img loading=\"lazy\" decoding=\"async\" width=\"1024\" height=\"683\" src=\"http:\/\/s858584942.online.de\/wp-content\/uploads\/2021\/07\/Supermarkt2-1024x683.png\" alt=\"\" class=\"wp-image-271\" srcset=\"https:\/\/sidebyside-masken.de\/wp-content\/uploads\/2021\/07\/Supermarkt2-1024x683.png 1024w, https:\/\/sidebyside-masken.de\/wp-content\/uploads\/2021\/07\/Supermarkt2-300x200.png 300w, https:\/\/sidebyside-masken.de\/wp-content\/uploads\/2021\/07\/Supermarkt2-768x512.png 768w, https:\/\/sidebyside-masken.de\/wp-content\/uploads\/2021\/07\/Supermarkt2-1536x1024.png 1536w, https:\/\/sidebyside-masken.de\/wp-content\/uploads\/2021\/07\/Supermarkt2-2048x1365.png 2048w, https:\/\/sidebyside-masken.de\/wp-content\/uploads\/2021\/07\/Supermarkt2-600x400.png 600w\" sizes=\"auto, (max-width: 1024px) 100vw, 1024px\" \/><\/figure>\n\n\n\n<p>Diese spezifische Passform wurde im Universit\u00e4tslabor der Leibniz Universit\u00e4t Hannover, dem IMP (Institut f\u00fcr Mehrphasenprozesse) getestet.<\/p>\n\n\n\n<p>Unsere revolution\u00e4re, neuartige Maske ist anderen auf dem Markt befindlichen Masken mit ihrer speziellen Technologie weit \u00fcberlegen.<\/p>\n\n\n\n<p>Unsere SidebySide Maske PRO ist ein gepr\u00fcftes medizinisches Mehrwegprodukt (Pr\u00fcfung nach EN 14683, Norm f\u00fcr CE durch Hersteller, aktuell in Zertifizierung durch HygCen Austria GmbH).<\/p>\n\n\n\n<p>Alle unsere SidebySide-Masken haben folgenden herausragenden Trageeigenschaften:<\/p>\n\n\n\n<ul class=\"has-black-color has-text-color wp-block-list\"><li>Oekotex Standard 100\u00a0\u00a0<\/li><li>Sehr gute Passform und guter Tragekomfort (inkl. leichterer Atmung und k\u00fchlender Wirkung)<\/li><li>Keinerlei Reizung der Haut (z.B. durch kleine Fasern) bei l\u00e4ngerem Tragen<\/li><li>Schnell trocknendes Material<\/li><li>UV-Schutz 50+ (nach australischem\/neuseel\u00e4ndischem Standard)<\/li><li>Es werden keine Biozide oder Silberionen eingesetzt<\/li><\/ul>\n","protected":false},"excerpt":{"rendered":"<p>Diese spezifische Passform wurde im Universit\u00e4tslabor der Leibniz Universit\u00e4t Hannover, dem IMP (Institut f\u00fcr Mehrphasenprozesse) getestet. Unsere revolution\u00e4re, neuartige Maske ist anderen auf dem Markt befindlichen Masken mit ihrer speziellen Technologie weit \u00fcberlegen. Unsere SidebySide Maske PRO ist ein gepr\u00fcftes medizinisches Mehrwegprodukt (Pr\u00fcfung nach EN 14683, Norm f\u00fcr CE durch Hersteller, aktuell in Zertifizierung durch &hellip; <\/p>\n<p class=\"link-more\"><a href=\"https:\/\/sidebyside-masken.de\/en\/tragekomfort\/\" class=\"more-link\">Continue reading<span class=\"screen-reader-text\"> &#8220;Tragekomfort&#8221;<\/span><\/a><\/p>\n","protected":false},"author":1,"featured_media":271,"parent":0,"menu_order":0,"comment_status":"closed","ping_status":"closed","template":"","meta":{"footnotes":""},"class_list":["post-227","page","type-page","status-publish","has-post-thumbnail","hentry"],"translation":{"provider":"WPGlobus","version":"3.0.2","language":"en","enabled_languages":["de","en"],"languages":{"de":{"title":true,"content":true,"excerpt":false},"en":{"title":false,"content":false,"excerpt":false}}},"_links":{"self":[{"href":"https:\/\/sidebyside-masken.de\/en\/wp-json\/wp\/v2\/pages\/227","targetHints":{"allow":["GET"]}}],"collection":[{"href":"https:\/\/sidebyside-masken.de\/en\/wp-json\/wp\/v2\/pages"}],"about":[{"href":"https:\/\/sidebyside-masken.de\/en\/wp-json\/wp\/v2\/types\/page"}],"author":[{"embeddable":true,"href":"https:\/\/sidebyside-masken.de\/en\/wp-json\/wp\/v2\/users\/1"}],"replies":[{"embeddable":true,"href":"https:\/\/sidebyside-masken.de\/en\/wp-json\/wp\/v2\/comments?post=227"}],"version-history":[{"count":15,"href":"https:\/\/sidebyside-masken.de\/en\/wp-json\/wp\/v2\/pages\/227\/revisions"}],"predecessor-version":[{"id":329,"href":"https:\/\/sidebyside-masken.de\/en\/wp-json\/wp\/v2\/pages\/227\/revisions\/329"}],"wp:featuredmedia":[{"embeddable":true,"href":"https:\/\/sidebyside-masken.de\/en\/wp-json\/wp\/v2\/media\/271"}],"wp:attachment":[{"href":"https:\/\/sidebyside-masken.de\/en\/wp-json\/wp\/v2\/media?parent=227"}],"curies":[{"name":"wp","href":"https:\/\/api.w.org\/{rel}","templated":true}]}}