{"id":213,"date":"2021-06-15T23:33:31","date_gmt":"2021-06-15T21:33:31","guid":{"rendered":"http:\/\/s858584942.online.de\/?page_id=213"},"modified":"2021-09-22T08:51:55","modified_gmt":"2021-09-22T06:51:55","slug":"uebersicht-masken","status":"publish","type":"page","link":"https:\/\/sidebyside-masken.de\/en\/uebersicht-masken\/","title":{"rendered":"\u00dcbersicht Masken"},"content":{"rendered":"\n<figure class=\"wp-block-table is-style-stripes\"><table><tbody><tr><td><\/td><td><img decoding=\"async\" class=\"wp-image-295\" style=\"width: 200px;\" src=\"http:\/\/sidebyside-masken.de\/wp-content\/uploads\/2021\/07\/Comunity1.png\" alt=\"\"><img loading=\"lazy\" decoding=\"async\" width=\"150\" height=\"131\" class=\"wp-image-405\" style=\"width: 150px;\" src=\"http:\/\/sidebyside-masken.de\/wp-content\/uploads\/2021\/08\/Maske1.jpg\" alt=\"\" srcset=\"https:\/\/sidebyside-masken.de\/wp-content\/uploads\/2021\/08\/Maske1.jpg 1600w, https:\/\/sidebyside-masken.de\/wp-content\/uploads\/2021\/08\/Maske1-300x263.jpg 300w, https:\/\/sidebyside-masken.de\/wp-content\/uploads\/2021\/08\/Maske1-1024x896.jpg 1024w, https:\/\/sidebyside-masken.de\/wp-content\/uploads\/2021\/08\/Maske1-768x672.jpg 768w, https:\/\/sidebyside-masken.de\/wp-content\/uploads\/2021\/08\/Maske1-1536x1344.jpg 1536w, https:\/\/sidebyside-masken.de\/wp-content\/uploads\/2021\/08\/Maske1-600x525.jpg 600w\" sizes=\"auto, (max-width: 150px) 100vw, 150px\" \/><\/td><td class=\"has-text-align-left\" data-align=\"left\"><img decoding=\"async\" class=\"wp-image-296\" style=\"width: 200px;\" src=\"http:\/\/sidebyside-masken.de\/wp-content\/uploads\/2021\/07\/Comunity2.png\" alt=\"\"><img loading=\"lazy\" decoding=\"async\" width=\"150\" height=\"131\" class=\"wp-image-404\" style=\"width: 150px;\" src=\"http:\/\/sidebyside-masken.de\/wp-content\/uploads\/2021\/08\/Maske2.jpg\" alt=\"\" srcset=\"https:\/\/sidebyside-masken.de\/wp-content\/uploads\/2021\/08\/Maske2.jpg 1600w, https:\/\/sidebyside-masken.de\/wp-content\/uploads\/2021\/08\/Maske2-300x263.jpg 300w, https:\/\/sidebyside-masken.de\/wp-content\/uploads\/2021\/08\/Maske2-1024x896.jpg 1024w, https:\/\/sidebyside-masken.de\/wp-content\/uploads\/2021\/08\/Maske2-768x672.jpg 768w, https:\/\/sidebyside-masken.de\/wp-content\/uploads\/2021\/08\/Maske2-1536x1344.jpg 1536w, https:\/\/sidebyside-masken.de\/wp-content\/uploads\/2021\/08\/Maske2-600x525.jpg 600w\" sizes=\"auto, (max-width: 150px) 100vw, 150px\" \/><\/td><td><img decoding=\"async\" class=\"wp-image-297\" style=\"width: 200px;\" src=\"http:\/\/sidebyside-masken.de\/wp-content\/uploads\/2021\/07\/SWM.png\" alt=\"\"><img loading=\"lazy\" decoding=\"async\" width=\"150\" height=\"131\" class=\"wp-image-411\" style=\"width: 150px;\" src=\"http:\/\/sidebyside-masken.de\/wp-content\/uploads\/2021\/08\/Maske3.jpg\" alt=\"\" srcset=\"https:\/\/sidebyside-masken.de\/wp-content\/uploads\/2021\/08\/Maske3.jpg 1600w, https:\/\/sidebyside-masken.de\/wp-content\/uploads\/2021\/08\/Maske3-300x263.jpg 300w, https:\/\/sidebyside-masken.de\/wp-content\/uploads\/2021\/08\/Maske3-1024x896.jpg 1024w, https:\/\/sidebyside-masken.de\/wp-content\/uploads\/2021\/08\/Maske3-768x672.jpg 768w, https:\/\/sidebyside-masken.de\/wp-content\/uploads\/2021\/08\/Maske3-1536x1344.jpg 1536w, https:\/\/sidebyside-masken.de\/wp-content\/uploads\/2021\/08\/Maske3-600x525.jpg 600w\" sizes=\"auto, (max-width: 150px) 100vw, 150px\" \/><\/td><td><img decoding=\"async\" class=\"wp-image-294\" style=\"width: 200px;\" src=\"http:\/\/sidebyside-masken.de\/wp-content\/uploads\/2021\/07\/Bart.png\" alt=\"\"><img loading=\"lazy\" decoding=\"async\" width=\"150\" height=\"131\" class=\"wp-image-410\" style=\"width: 150px;\" src=\"http:\/\/sidebyside-masken.de\/wp-content\/uploads\/2021\/08\/Maske4.jpg\" alt=\"\" srcset=\"https:\/\/sidebyside-masken.de\/wp-content\/uploads\/2021\/08\/Maske4.jpg 1600w, https:\/\/sidebyside-masken.de\/wp-content\/uploads\/2021\/08\/Maske4-300x263.jpg 300w, https:\/\/sidebyside-masken.de\/wp-content\/uploads\/2021\/08\/Maske4-1024x896.jpg 1024w, https:\/\/sidebyside-masken.de\/wp-content\/uploads\/2021\/08\/Maske4-768x672.jpg 768w, https:\/\/sidebyside-masken.de\/wp-content\/uploads\/2021\/08\/Maske4-1536x1344.jpg 1536w, https:\/\/sidebyside-masken.de\/wp-content\/uploads\/2021\/08\/Maske4-600x525.jpg 600w\" sizes=\"auto, (max-width: 150px) 100vw, 150px\" \/><\/td><\/tr><tr><td><strong>Welchen Zweck<br>erf\u00fcllt die Maske?<\/strong><br>&nbsp;<\/td><td>Kann der Unterbrechung von Infektions-<br>wegen dienen. Die Abgabe von Tr\u00f6pfchen und Spritzern beim Sprechen, Husten oder Niesen wird reduziert.<\/td><td class=\"has-text-align-left\" data-align=\"left\">Kann der Unterbrechung von Infektions-<br>wegen dienen. Die Abgabe von Tr\u00f6pfchen und Spritzern beim Sprechen, Husten oder Niesen wird reduziert.<\/td><td>Kann der Unterbrechung von Infektions-<br>wegen dienen. Die Abgabe von Tr\u00f6pfchen und Spritzern beim Sprechen, Husten oder Niesen wird reduziert.<\/td><td>Kann der Unterbrechung von Infektions-<br>wegen dienen. Die Abgabe von Tr\u00f6pfchen und Spritzern beim Sprechen, Husten oder Niesen wird reduziert.<\/td><\/tr><tr><td><strong>In welchen Bereichen ist die Maske<br>einzusetzen?<\/strong><br>&nbsp;<\/td><td><strong>Arbeitsplatz: <\/strong>Erf\u00fcllt w\u00e4hrend der G\u00fcltigkeit der Corona-Arbeitsschutzverordnung vom 27. Januar 2021 nicht das Maskengebot, wenn z.B. der Mindestabstand \u00fcberschritten wird.<br><strong>\u00d6ffentlicher Raum: <\/strong>Nur au\u00dferhalb von Gesch\u00e4ften\/Einrichtungen mit Kundenverkehr und au\u00dferhalb des \u00d6PNV zul\u00e4ssig.<br>Zum Eigenschutz sollten Tragende weiterhin darauf achten, den Schutzabstand von 1,5 m einzuhalten.<\/td><td class=\"has-text-align-left\" data-align=\"left\"><strong>Arbeitsplatz: <\/strong>Erf\u00fcllt w\u00e4hrend der G\u00fcltigkeit der Corona-Arbeitsschutzverordnung vom 27. Januar 2021 nicht das Maskengebot, wenn z.B. der Mindestabstand \u00fcberschritten wird.<br><strong>\u00d6ffentlicher Raum: <\/strong>Nur au\u00dferhalb von Gesch\u00e4ften\/Einrichtungen mit Kundenverkehr und au\u00dferhalb des \u00d6PNV zul\u00e4ssig.<br>Zum Eigenschutz sollten Tragende weiterhin darauf achten, den Schutzabstand von 1,5 m<\/td><td><strong>Arbeitsplatz: <\/strong>Erf\u00fcllt w\u00e4hrend der G\u00fcltigkeit<br>der Corona-Arbeitsschutzverordnung vom 27. Januar 2021 das Maskengebot, wenn<br>z. B. der Mindestabstand unterschritten wird.<br><strong>\u00d6ffentlicher Raum: <\/strong>inner- und au\u00dferhalb von Gesch\u00e4ften\/Einrichtungen mit Kundenverkehr<br>und au\u00dferhalb des \u00d6PNV zul\u00e4ssig, da die Maske eine Ummantelung der vorgeschriebenen OP- oder FFP2 Maske ist.<br>&nbsp;Zum Eigenschutz sollten Tragende jedoch<br>weiter darauf achten, den Schutzabstand<br>von mindestens 1,5 m einzuhalten.<\/td><td><strong>Arbeitsplatz: <\/strong>Erf\u00fcllt w\u00e4hrend der G\u00fcltigkeit<br>der Corona-Arbeitsschutzverordnung vom 27. Januar 2021 das Maskengebot, wenn<br>z. B. der Mindestabstand unterschritten wird.<br><strong>\u00d6ffentlicher Raum: <\/strong>inner- und au\u00dferhalb von Gesch\u00e4ften\/Einrichtungen mit Kundenverkehr<br>und au\u00dferhalb des \u00d6PNV zul\u00e4ssig, da die Maske eine Ummantelung der vorgeschriebenen OP- oder FFP2 Maske ist.<br>&nbsp;Zum Eigenschutz sollten Tragende jedoch<br>weiter darauf achten, den Schutzabstand<br>von mindestens 1,5 m einzuhalten.<\/td><\/tr><tr><td><strong>Ist die Verwendung<br>der Maske ohne<br>Anleitung m\u00f6glich?<\/strong><\/td><td>Ja.&nbsp;<br>Einweisung zur Handhabung und Gebrauchsdauer empfohlen.<\/td><td class=\"has-text-align-left\" data-align=\"left\">Ja.&nbsp;<br>Einweisung zur Handhabung 60\u00b0 und lange einsetzbar<\/td><td>Ja.&nbsp;<br>Einweisung zur Handhabung 60\u00b0 und lange einsetzbar<\/td><td>Ja.&nbsp;<br>Einweisung zur Handhabung 60\u00b0 und lange einsetzbar<\/td><\/tr><tr><td><strong>Welche Wirkung hat<br>die Maske?<\/strong><\/td><td>Begrenzte, nicht quantifizierbare Barrierewirkung bzgl. gegenseitiger Infektion.<br>Sch\u00fctzt die tragende Person m\u00f6glicherweise vor Mund-\/ Nasen-Schleimhautkontakt mit kontaminierten H\u00e4nden<\/td><td class=\"has-text-align-left\" data-align=\"left\">Begrenzte, nicht quantifizierbare Barrierewirkung bzgl. gegenseitiger Infektion.<br>Sch\u00fctzt die tragende Person m\u00f6glicherweise vor Mund-\/ Nasen-Schleimhautkontakt mit kontaminierten H\u00e4nden<\/td><td>Begrenzte Barrierewirkung bzgl. Gegenseitiger Infektion. Sch\u00fctzt andere vor Tropfen in der Ausatemluft der tragenden Person.<br>Sch\u00fctzt die tragende Person m\u00f6glicherweise vor Mund-\/ Nasen-Schleimhautkontakt mit kontaminierten H\u00e4nden.<\/td><td>Begrenzte Barrierewirkung bzgl. Gegenseitiger Infektion. Sch\u00fctzt andere vor Tropfen in der Ausatemluft der tragenden Person.<br>Sch\u00fctzt die tragende Person m\u00f6glicherweise vor Mund-\/ Nasen-Schleimhautkontakt mit kontaminierten H\u00e4nden.<\/td><\/tr><tr><td><strong>Wie gut dichtet<br>die&nbsp;Maske am<br>Gesicht ab?<\/strong><\/td><td>Die Maske dichtet nicht ab<\/td><td class=\"has-text-align-left\" data-align=\"left\">Die Maske hat eine sehr gute Passform, in XS-S-M<\/td><td>Die Maske hat eine sehr gute Passform, in XS-S-M<br>durch das verspannen mit der OP Maske (ca. 47%)<br>mit der Sand-which-maske hat der Tragende einen besseren Aerosolschutz (\u00fcber 70%).<br>Die Maske dichtet mehr ab<\/td><td>Die Maske hat eine sehr gute Passform, in XS-S-M<br>durch das verspannen mit der OP Maske (ca. 47%)<br>mit der Sand-which-maske hat der Tragende einen besseren Aerosolschutz (\u00fcber 70%).<br>Die Maske dichtet mehr ab<\/td><\/tr><tr><td><strong>Wie lange kann<br>die&nbsp;Maske verwendet werden?<\/strong><\/td><td>Nach Durchfeuchtung wechseln<\/td><td class=\"has-text-align-left\" data-align=\"left\">Nach Durchfeuchtung wechseln<\/td><td>Nach Durchfeuchtung wechseln.<br>Die innenliegende OP- oder FFP2-Maske bitte danach entsorgen<\/td><td>Nach Durchfeuchtung wechseln.<br>Die innenliegende OP- oder FFP2-Maske bitte danach entsorgen<\/td><\/tr><tr><td><strong>Kann die Maske<br>wiederaufbereitet werden?<\/strong><\/td><td>Ja, bei waschbaren Masken.<br>Nein, bei Einwegprodukten.<\/td><td class=\"has-text-align-left\" data-align=\"left\">Ja, bei waschbaren Masken.<br>Nein, bei Einwegprodukten.<\/td><td>Ja, bei waschbaren Masken.<\/td><td>Ja, bei waschbaren Masken.<\/td><\/tr><tr><td><strong>Wird die Maske<br>&nbsp;gepr\u00fcft?<\/strong><\/td><td>Die Wirksamkeit der Maske wird nicht gepr\u00fcft.<\/td><td class=\"has-text-align-left\" data-align=\"left\">Die Wirksamkeit der Maske wird nicht gepr\u00fcft.<\/td><td>Die Wirksamkeit der Maske wird nicht gepr\u00fcft.<\/td><td>Die Wirksamkeit der Maske wird nicht gepr\u00fcft.<\/td><\/tr><\/tbody><\/table><\/figure>\n\n\n\n<figure class=\"wp-block-table is-style-stripes\"><table><tbody><tr><td><\/td><td><img decoding=\"async\" class=\"wp-image-288\" style=\"width: 200px;\" src=\"http:\/\/sidebyside-masken.de\/wp-content\/uploads\/2021\/07\/OP.png\" alt=\"\"><img loading=\"lazy\" decoding=\"async\" width=\"150\" height=\"131\" class=\"wp-image-409\" style=\"width: 150px;\" src=\"http:\/\/sidebyside-masken.de\/wp-content\/uploads\/2021\/08\/Maske5.jpg\" alt=\"\" srcset=\"https:\/\/sidebyside-masken.de\/wp-content\/uploads\/2021\/08\/Maske5.jpg 1600w, https:\/\/sidebyside-masken.de\/wp-content\/uploads\/2021\/08\/Maske5-300x263.jpg 300w, https:\/\/sidebyside-masken.de\/wp-content\/uploads\/2021\/08\/Maske5-1024x896.jpg 1024w, https:\/\/sidebyside-masken.de\/wp-content\/uploads\/2021\/08\/Maske5-768x672.jpg 768w, https:\/\/sidebyside-masken.de\/wp-content\/uploads\/2021\/08\/Maske5-1536x1344.jpg 1536w, https:\/\/sidebyside-masken.de\/wp-content\/uploads\/2021\/08\/Maske5-600x525.jpg 600w\" sizes=\"auto, (max-width: 150px) 100vw, 150px\" \/><\/td><td><img decoding=\"async\" class=\"wp-image-287\" style=\"width: 200px;\" src=\"http:\/\/sidebyside-masken.de\/wp-content\/uploads\/2021\/07\/Med_Neu.png\" alt=\"\"><img loading=\"lazy\" decoding=\"async\" width=\"150\" height=\"131\" class=\"wp-image-408\" style=\"width: 150px;\" src=\"http:\/\/sidebyside-masken.de\/wp-content\/uploads\/2021\/08\/Maske6.jpg\" alt=\"\" srcset=\"https:\/\/sidebyside-masken.de\/wp-content\/uploads\/2021\/08\/Maske6.jpg 1600w, https:\/\/sidebyside-masken.de\/wp-content\/uploads\/2021\/08\/Maske6-300x263.jpg 300w, https:\/\/sidebyside-masken.de\/wp-content\/uploads\/2021\/08\/Maske6-1024x896.jpg 1024w, https:\/\/sidebyside-masken.de\/wp-content\/uploads\/2021\/08\/Maske6-768x672.jpg 768w, https:\/\/sidebyside-masken.de\/wp-content\/uploads\/2021\/08\/Maske6-1536x1344.jpg 1536w, https:\/\/sidebyside-masken.de\/wp-content\/uploads\/2021\/08\/Maske6-600x525.jpg 600w\" sizes=\"auto, (max-width: 150px) 100vw, 150px\" \/><\/td><td><img decoding=\"async\" class=\"wp-image-286\" style=\"width: 200px;\" src=\"http:\/\/sidebyside-masken.de\/wp-content\/uploads\/2021\/07\/MED.png\" alt=\"\"><img loading=\"lazy\" decoding=\"async\" width=\"150\" height=\"131\" class=\"wp-image-407\" style=\"width: 150px;\" src=\"http:\/\/sidebyside-masken.de\/wp-content\/uploads\/2021\/08\/Maske7.jpg\" alt=\"\" srcset=\"https:\/\/sidebyside-masken.de\/wp-content\/uploads\/2021\/08\/Maske7.jpg 1600w, https:\/\/sidebyside-masken.de\/wp-content\/uploads\/2021\/08\/Maske7-300x263.jpg 300w, https:\/\/sidebyside-masken.de\/wp-content\/uploads\/2021\/08\/Maske7-1024x896.jpg 1024w, https:\/\/sidebyside-masken.de\/wp-content\/uploads\/2021\/08\/Maske7-768x672.jpg 768w, https:\/\/sidebyside-masken.de\/wp-content\/uploads\/2021\/08\/Maske7-1536x1344.jpg 1536w, https:\/\/sidebyside-masken.de\/wp-content\/uploads\/2021\/08\/Maske7-600x525.jpg 600w\" sizes=\"auto, (max-width: 150px) 100vw, 150px\" \/><\/td><td><img decoding=\"async\" class=\"wp-image-285\" style=\"width: 200px;\" src=\"http:\/\/sidebyside-masken.de\/wp-content\/uploads\/2021\/07\/FFP2.png\" alt=\"\"><img loading=\"lazy\" decoding=\"async\" width=\"150\" height=\"131\" class=\"wp-image-406\" style=\"width: 150px;\" src=\"http:\/\/sidebyside-masken.de\/wp-content\/uploads\/2021\/08\/Maske8.jpg\" alt=\"\" srcset=\"https:\/\/sidebyside-masken.de\/wp-content\/uploads\/2021\/08\/Maske8.jpg 1600w, https:\/\/sidebyside-masken.de\/wp-content\/uploads\/2021\/08\/Maske8-300x263.jpg 300w, https:\/\/sidebyside-masken.de\/wp-content\/uploads\/2021\/08\/Maske8-1024x896.jpg 1024w, https:\/\/sidebyside-masken.de\/wp-content\/uploads\/2021\/08\/Maske8-768x672.jpg 768w, https:\/\/sidebyside-masken.de\/wp-content\/uploads\/2021\/08\/Maske8-1536x1344.jpg 1536w, https:\/\/sidebyside-masken.de\/wp-content\/uploads\/2021\/08\/Maske8-600x525.jpg 600w\" sizes=\"auto, (max-width: 150px) 100vw, 150px\" \/><\/td><\/tr><tr><td><strong>Welchen Zweck<br>erf\u00fcllt die Maske?<\/strong><br>&nbsp;<\/td><td>Sch\u00fctzt andere vor Tropfen in der Ausatemluft der tragenden Person. Die Abgabe von Tr\u00f6pfchen und Spritzern beim Sprechen,<br>Husten oder Niesen wird reduziert.<\/td><td><br>Sch\u00fctzt andere vor Tropfen in der Ausatemluft der tragenden Person. Die Abgabe von Tr\u00f6pfchen und Spritzern beim Sprechen,<br>Husten oder Niesen wird reduziert.<\/td><td>Sch\u00fctzt andere vor Tropfen in der Ausatemluft der tragenden Person. Die Abgabe von Tr\u00f6pfchen und Spritzern beim Sprechen,<br>Husten oder Niesen wird reduziert.<\/td><td>Sch\u00fctzt die tragende Person vor dem&nbsp; Einatmen kleinster luftgetragener Partikel,<br>Tr\u00f6pfchen und Aerosole.<\/td><\/tr><tr><td><strong>In welchen Bereichen ist die Maske<br>einzusetzen?<\/strong><br>&nbsp;<\/td><td><br><strong>Arbeitsplatz: <\/strong>F\u00fcr medizinisches\/pflegendes<br>Personal, um Patienten und Patientinnen zu<br>sch\u00fctzen (z. B. im OP). Im Zusammenhang<br>mit SARS-CoV-2: W\u00e4hrend der G\u00fcltigkeit der Corona-Arbeitsschutzverordnung vom<br>27. Januar 2021 zu verwenden, wenn z. B. der<br>Mindestabstand nicht eingehalten werden<br>kann. Siehe branchenspezifische Hinweise des zust\u00e4ndigen Unfallversicherungstr\u00e4gers.<br><br><strong>\u00d6ffentlicher Raum:<\/strong> Im \u00d6PNV und in Gesch\u00e4ften\/Einrichtungen mit Kundenverkehr erforderlich. Zum Eigenschutz sollten Tragende<br>jedoch weiter darauf achten, den Schutzabstand von mindestens 1,5 m einzuhalten.<\/td><td><strong>Arbeitsplatz: <\/strong>F\u00fcr medizinisches\/pflegendes<br>Personal, um Patienten und Patientinnen zu<br>sch\u00fctzen (z. B. im OP). Im Zusammenhang<br>mit SARS-CoV-2: W\u00e4hrend der G\u00fcltigkeit der Corona-Arbeitsschutzverordnung vom<br>Mindestabstand nicht eingehalten werden<br>kann. Siehe branchenspezifische Hinweise<br>des zust\u00e4ndigen Unfallversicherungstr\u00e4gers.<br><br><strong>\u00d6ffentlicher Raum:<\/strong> Im \u00d6PNV und in Gesch\u00e4ften\/Einrichtungen mit Kundenverkehr erforderlich. Zum Eigenschutz sollten Tragende jedoch weiter darauf achten, den Schutzabstand von mindestens 1,5 m einzuhalten.<br><\/td><td><strong>Arbeitsplatz:<\/strong> F\u00fcr medizinisches\/pflegendes<br>Personal, um Patienten und Patientinnen zu<br>sch\u00fctzen (z. B. im OP). Im Zusammenhang<br>mit SARS-CoV-2: W\u00e4hrend der G\u00fcltigkeit der Corona-Arbeitsschutzverordnung vom<br>Mindestabstand nicht eingehalten werden<br>kann. Siehe branchenspezifische Hinweise<br>des zust\u00e4ndigen Unfallversicherungstr\u00e4gers.<br><br><strong>\u00d6ffentlicher Raum:<\/strong> Im \u00d6PNV und in Gesch\u00e4ften\/Einrichtungen mit Kundenverkehr erforderlich. Zum Eigenschutz sollten Tragende jedoch weiter darauf achten, den Schutzabstand von mindestens 1,5 m einzuhalten.<\/td><td><strong>Arbeitsplatz:<\/strong> F\u00fcr Besch\u00e4ftigte, die bei der Arbeit vor einatembaren Gefahr- oder&nbsp; Biostoffen gesch\u00fctzt werden m\u00fcssen.<br><strong>Im Zusammenhang mit SARS-CoV-2:&nbsp; <\/strong>W\u00e4hrend der G\u00fcltigkeit der Corona-Arbeitsschutzverordnung vom 27. Januar 2021 sind FFP2-Masken ohne Ausatemventil zu verwenden, um sich und andere bei direktem Kontakt vor einer \u00dcbertragung zu sch\u00fctzen, z.B. wenn der Mindestabstand nicht eingehalten werden kann. Mit Ausatemventil nur zum Eigenschutz, es sei denn alle Kontaktpersonen tragen FFP2-Masken.<br><strong>\u00d6ffentlicher Raum: <\/strong>Alternativ zu OP-Masken im \u00d6PNV und in Gesch\u00e4ften\/ Einrichtungen mit Kundenverkehr m\u00f6glich.<br><strong>Hinweis: <\/strong>Nur Masken ohne Ventil sch\u00fctzen auch Dritte.<\/td><\/tr><tr><td><strong>Ist die Verwendung<br>der Maske ohne<br>Anleitung m\u00f6glich?<\/strong><\/td><td>Ja.&nbsp;<br>Einweisung zur Handhabung und<br>&nbsp;Gebrauchsdauer empfohlen.<\/td><td>Ja.&nbsp;<br>Handhabung und Gebrauchsdauer wird&nbsp; empfohlen.<\/td><td>Ja.&nbsp;<br>Handhabung und<br>Gebrauchsdauer wird&nbsp; empfohlen.<\/td><td>Nein, eine Unterweisung nach Gebrauchsanleitung des Herstellers f\u00fcr die Verwendung am Arbeitsplatz ist n\u00f6tig, damit die Schutzwirkung erreicht wird.&nbsp;<br>F\u00fcr den Einsatz im \u00f6ffentlichen Raum muss&nbsp; die Gebrauchsanweisung beachtet werden.<\/td><\/tr><tr><td><strong>Welche Wirkung hat<br>die Maske?<\/strong><\/td><td>Begrenzte Barrierewirkung bzgl. gegenseitiger Infektion. Sch\u00fctzt andere vor Tropfen<br>in der Ausatemluft der tragenden Person.<br>Sch\u00fctzt die tragende Person m\u00f6glicherweise<br>vor Mund-\/Nasen-Schleimhautkontakt mit<br>kontaminierten H\u00e4nden.<\/td><td>Begrenzte Barrierewirkung bzgl. gegenseitiger Infektion. Sch\u00fctzt andere vor Tropfen<br>in der Ausatemluft der tragenden Person.<br>Sch\u00fctzt die tragende Person m\u00f6glicherweise<br>vor Mund-\/Nasen-Schleimhautkontakt mit<br>kontaminierten H\u00e4nden.<\/td><td>Begrenzte Barrierewirkung bzgl. gegenseitiger Infektion. Sch\u00fctzt andere vor Tropfen<br>in der Ausatemluft der tragenden Person.<br>Sch\u00fctzt die tragende Person m\u00f6glicherweise<br>vor Mund-\/Nasen-Schleimhautkontakt mit<br>kontaminierten H\u00e4nden.<\/td><td>Filtert bei korrekter Verwendung Viren aus<br>der Atemluft der tragenden Person. Die Filterleistung ist abh\u00e4ngig von der Filterklasse.<br>Bei korrekter Verwendung minimale<br>Undichtigkeiten beim Einatmen.<br>Hinweis: Ein Bart kann die Schutzwirkung<br>beeintr\u00e4chtigen oder aufheben.<\/td><\/tr><tr><td><strong>Wie gut dichtet<br>die&nbsp;Maske am<br>Gesicht ab?<\/strong><\/td><td>Die Maske dichtet nicht ab.<br>Einwegprodukt. Wird im medizinischen Bereich nach jedem Einsatz entsorgt.<\/td><td>Die Maske dichtet&nbsp; ab.<br>H\u00e4lt Aerosole zur\u00fcck (IMP-Leibniz Universit\u00e4t)<br>Die Maske hat eine sehr gute Passform, in XS-S-M.<\/td><td>Die Maske dichtet&nbsp; ab.<br>H\u00e4lt Aerosole zur\u00fcck (IMP-Leibniz Universit\u00e4t)<br>Die Maske hat eine sehr gute Passform, in XS-S-M.<\/td><td>Tragedauer f\u00fcr die Verwendung am Arbeitsplatz in der Gef\u00e4hrdungsbeurteilung festlegen (DGUV Regel 112-190 ber\u00fccksichtigen).<br>Je nach Klassifizierung f\u00fcr eine Arbeitsschicht von 8 Std.&nbsp; geeignet (siehe Gebrauchsanleitung).<\/td><\/tr><tr><td><strong>Wie lange kann<br>die&nbsp;Maske verwendet werden?<\/strong><\/td><td>Nein, Einwegprodukt<\/td><td>Mehrwegprodukt<\/td><td>Mehrwegprodukt<\/td><td> Nein, Einwegprodukt <\/td><\/tr><tr><td><strong>Kann die Maske<br>wiederaufbereitet<br>werden?<\/strong><\/td><td>Nein<\/td><td>Kann \u00fcber&nbsp;100 Waschungen<br>bei 60\u00b0in der Waschmaschinen gewaschen werden<\/td><td>Kann bist zu 30 Waschungen<br>bei 60\u00b0in der Waschmaschinen gewaschen werden<\/td><td>Nein<\/td><\/tr><tr><td><strong>Wird die Maske<br>&nbsp;gepr\u00fcft?<\/strong><\/td><td>Pr\u00fcfung nach EN 14683, Norm f\u00fcr &nbsp;\u201eChirurgische Masken\u201c durch Hersteller.<br>Zertifizierung durch Hersteller.<\/td><td>Ja, Testungen nach EN 14683.<br>Atem- und bakterieller<br>Widerstand NEU: 99,9%<br>nach 100 Waschungen &gt; 70%<\/td><td>Ja, Pr\u00fcfung nach EN 14683,<br>CE Norm durch Hersteller.<br>Zertifizierung durch das Pr\u00fcfungsinstitut .<br>Atem- und bakterieller<br>Widerstand NEU: 99,9%<\/td><td>Pr\u00fcfung nach EN 149, Norm f\u00fcr \u201ePartikelfiltrierende Halbmasken\u201c durch unabh\u00e4ngige Pr\u00fcfstellen. Zertifizierung und \u00dcberwachung durch unabh\u00e4ngige Zertifizierungsstelle.<\/td><\/tr><\/tbody><\/table><\/figure>\n","protected":false},"excerpt":{"rendered":"<p>Welchen Zweckerf\u00fcllt die Maske?&nbsp; Kann der Unterbrechung von Infektions-wegen dienen. Die Abgabe von Tr\u00f6pfchen und Spritzern beim Sprechen, Husten oder Niesen wird reduziert. Kann der Unterbrechung von Infektions-wegen dienen. Die Abgabe von Tr\u00f6pfchen und Spritzern beim Sprechen, Husten oder Niesen wird reduziert. Kann der Unterbrechung von Infektions-wegen dienen. Die Abgabe von Tr\u00f6pfchen und Spritzern beim &hellip; <\/p>\n<p class=\"link-more\"><a href=\"https:\/\/sidebyside-masken.de\/en\/uebersicht-masken\/\" class=\"more-link\">Continue reading<span class=\"screen-reader-text\"> &#8220;\u00dcbersicht Masken&#8221;<\/span><\/a><\/p>\n","protected":false},"author":1,"featured_media":0,"parent":0,"menu_order":0,"comment_status":"closed","ping_status":"closed","template":"","meta":{"footnotes":""},"class_list":["post-213","page","type-page","status-publish","hentry"],"translation":{"provider":"WPGlobus","version":"3.0.2","language":"en","enabled_languages":["de","en"],"languages":{"de":{"title":true,"content":true,"excerpt":false},"en":{"title":false,"content":false,"excerpt":false}}},"_links":{"self":[{"href":"https:\/\/sidebyside-masken.de\/en\/wp-json\/wp\/v2\/pages\/213","targetHints":{"allow":["GET"]}}],"collection":[{"href":"https:\/\/sidebyside-masken.de\/en\/wp-json\/wp\/v2\/pages"}],"about":[{"href":"https:\/\/sidebyside-masken.de\/en\/wp-json\/wp\/v2\/types\/page"}],"author":[{"embeddable":true,"href":"https:\/\/sidebyside-masken.de\/en\/wp-json\/wp\/v2\/users\/1"}],"replies":[{"embeddable":true,"href":"https:\/\/sidebyside-masken.de\/en\/wp-json\/wp\/v2\/comments?post=213"}],"version-history":[{"count":16,"href":"https:\/\/sidebyside-masken.de\/en\/wp-json\/wp\/v2\/pages\/213\/revisions"}],"predecessor-version":[{"id":454,"href":"https:\/\/sidebyside-masken.de\/en\/wp-json\/wp\/v2\/pages\/213\/revisions\/454"}],"wp:attachment":[{"href":"https:\/\/sidebyside-masken.de\/en\/wp-json\/wp\/v2\/media?parent=213"}],"curies":[{"name":"wp","href":"https:\/\/api.w.org\/{rel}","templated":true}]}}