{"id":206,"date":"2021-06-15T23:25:23","date_gmt":"2021-06-15T21:25:23","guid":{"rendered":"http:\/\/s858584942.online.de\/?page_id=206"},"modified":"2021-08-26T11:11:37","modified_gmt":"2021-08-26T09:11:37","slug":"pflege","status":"publish","type":"page","link":"https:\/\/sidebyside-masken.de\/en\/pflege\/","title":{"rendered":"Pflege"},"content":{"rendered":"\n<figure class=\"wp-block-image size-large\"><img loading=\"lazy\" decoding=\"async\" width=\"1024\" height=\"652\" src=\"http:\/\/s858584942.online.de\/wp-content\/uploads\/2021\/07\/AdobeStock_100658281-1024x652.jpeg\" alt=\"\" class=\"wp-image-304\" srcset=\"https:\/\/sidebyside-masken.de\/wp-content\/uploads\/2021\/07\/AdobeStock_100658281-1024x652.jpeg 1024w, https:\/\/sidebyside-masken.de\/wp-content\/uploads\/2021\/07\/AdobeStock_100658281-300x191.jpeg 300w, https:\/\/sidebyside-masken.de\/wp-content\/uploads\/2021\/07\/AdobeStock_100658281-768x489.jpeg 768w, https:\/\/sidebyside-masken.de\/wp-content\/uploads\/2021\/07\/AdobeStock_100658281-1536x977.jpeg 1536w, https:\/\/sidebyside-masken.de\/wp-content\/uploads\/2021\/07\/AdobeStock_100658281-2048x1303.jpeg 2048w, https:\/\/sidebyside-masken.de\/wp-content\/uploads\/2021\/07\/AdobeStock_100658281-600x382.jpeg 600w\" sizes=\"auto, (max-width: 1024px) 100vw, 1024px\" \/><figcaption>Close up of human hands holding Earth planet. Elements of this image are furnished by NASA<\/figcaption><\/figure>\n\n\n\n<p>Unsere Masken bieten mindestens 7 Monate Schutz (1 mal Waschen pro Woche)<\/p>\n\n\n\n<p>Unsere Masken sind einfach zu pflegen.<\/p>\n\n\n\n<p>Sie ist aufgrund der Wiederverwendbarkeit umweltfreundlich und nachhaltig.<\/p>\n\n\n\n<p>Normale OP Masken werden nach 4 Stunden feucht und m\u00fcssen danach entsorgt werden, Sie sind nach sp\u00e4testens 8 Stunden unbrauchbar, denn auf den Oberfl\u00e4chen \u00fcberleben Viren und Bakterien.<\/p>\n\n\n\n<p>Unsere Maske ist mit einem speziell entwickelten Vlies ausgestattet worden und filtert die Bakterien sicher heraus.<\/p>\n","protected":false},"excerpt":{"rendered":"<p>Unsere Masken bieten mindestens 7 Monate Schutz (1 mal Waschen pro Woche) Unsere Masken sind einfach zu pflegen. Sie ist aufgrund der Wiederverwendbarkeit umweltfreundlich und nachhaltig. Normale OP Masken werden nach 4 Stunden feucht und m\u00fcssen danach entsorgt werden, Sie sind nach sp\u00e4testens 8 Stunden unbrauchbar, denn auf den Oberfl\u00e4chen \u00fcberleben Viren und Bakterien. Unsere &hellip; <\/p>\n<p class=\"link-more\"><a href=\"https:\/\/sidebyside-masken.de\/en\/pflege\/\" class=\"more-link\">Continue reading<span class=\"screen-reader-text\"> &#8220;Pflege&#8221;<\/span><\/a><\/p>\n","protected":false},"author":1,"featured_media":304,"parent":0,"menu_order":0,"comment_status":"closed","ping_status":"closed","template":"","meta":{"footnotes":""},"class_list":["post-206","page","type-page","status-publish","has-post-thumbnail","hentry"],"translation":{"provider":"WPGlobus","version":"3.0.2","language":"en","enabled_languages":["de","en"],"languages":{"de":{"title":true,"content":true,"excerpt":false},"en":{"title":false,"content":false,"excerpt":false}}},"_links":{"self":[{"href":"https:\/\/sidebyside-masken.de\/en\/wp-json\/wp\/v2\/pages\/206","targetHints":{"allow":["GET"]}}],"collection":[{"href":"https:\/\/sidebyside-masken.de\/en\/wp-json\/wp\/v2\/pages"}],"about":[{"href":"https:\/\/sidebyside-masken.de\/en\/wp-json\/wp\/v2\/types\/page"}],"author":[{"embeddable":true,"href":"https:\/\/sidebyside-masken.de\/en\/wp-json\/wp\/v2\/users\/1"}],"replies":[{"embeddable":true,"href":"https:\/\/sidebyside-masken.de\/en\/wp-json\/wp\/v2\/comments?post=206"}],"version-history":[{"count":7,"href":"https:\/\/sidebyside-masken.de\/en\/wp-json\/wp\/v2\/pages\/206\/revisions"}],"predecessor-version":[{"id":330,"href":"https:\/\/sidebyside-masken.de\/en\/wp-json\/wp\/v2\/pages\/206\/revisions\/330"}],"wp:featuredmedia":[{"embeddable":true,"href":"https:\/\/sidebyside-masken.de\/en\/wp-json\/wp\/v2\/media\/304"}],"wp:attachment":[{"href":"https:\/\/sidebyside-masken.de\/en\/wp-json\/wp\/v2\/media?parent=206"}],"curies":[{"name":"wp","href":"https:\/\/api.w.org\/{rel}","templated":true}]}}