{"id":201,"date":"2021-06-15T23:21:47","date_gmt":"2021-06-15T21:21:47","guid":{"rendered":"http:\/\/s858584942.online.de\/?page_id=201"},"modified":"2021-08-31T13:38:27","modified_gmt":"2021-08-31T11:38:27","slug":"ueber-uns","status":"publish","type":"page","link":"https:\/\/sidebyside-masken.de\/en\/ueber-uns\/","title":{"rendered":"\u00dcber Uns"},"content":{"rendered":"\n<figure class=\"wp-block-image size-large\"><img loading=\"lazy\" decoding=\"async\" width=\"1024\" height=\"683\" src=\"http:\/\/s858584942.online.de\/wp-content\/uploads\/2021\/07\/Buero_2-1024x683.jpg\" alt=\"\" class=\"wp-image-277\" srcset=\"https:\/\/sidebyside-masken.de\/wp-content\/uploads\/2021\/07\/Buero_2-1024x683.jpg 1024w, https:\/\/sidebyside-masken.de\/wp-content\/uploads\/2021\/07\/Buero_2-300x200.jpg 300w, https:\/\/sidebyside-masken.de\/wp-content\/uploads\/2021\/07\/Buero_2-768x512.jpg 768w, https:\/\/sidebyside-masken.de\/wp-content\/uploads\/2021\/07\/Buero_2-1536x1024.jpg 1536w, https:\/\/sidebyside-masken.de\/wp-content\/uploads\/2021\/07\/Buero_2-2048x1365.jpg 2048w, https:\/\/sidebyside-masken.de\/wp-content\/uploads\/2021\/07\/Buero_2-600x400.jpg 600w\" sizes=\"auto, (max-width: 1024px) 100vw, 1024px\" \/><\/figure>\n\n\n\n<p>Frei nach Richard von Weiz\u00e4cker <strong>\u201eUmweltschutz ist Nachweltschutz\u201c<\/strong> Ist unser oberstes Ziel ist Nachhaltigkeit und Umweltschutz<\/p>\n\n\n\n<p>Die Tutelo GmbH ist eine junge, innovative Firma aus dem Textilbereich mit Sitz in Wunstorf in der Region Hannover. Die Tutelo GmbH ist registriert als Medizinprodukt Hersteller.<\/p>\n\n\n\n<p>Als Anfang 2020 die Corona Pandemie anfing und Mund-Nasen-Schutzmasken effektiv halfen die Verbreitung des Corona Virus zu reduzieren, haben wir beschlossen Community Masken aus unseren Stoffen herzustellen.<\/p>\n\n\n\n<p>Schnell haben wir festgestellt, dass neue Herausforderungen in diesem Bereich auf uns zukommen werden.<\/p>\n\n\n\n<p>Um die Community Masken zu verbessern, haben wir uns neue Ziele gesetzt: <\/p>\n\n\n\n<ul class=\"wp-block-list\"><li>wir wollten eine Maske entwickeln die waschbar ist, <\/li><li>sch\u00fctzt und <\/li><li>nachhaltig ist, <\/li><li>und zudem einer Norm entspricht.<\/li><li>Eine gute Passform sowie Trageeigenschaften&nbsp; waren Grundvoraussetzung.<\/li><\/ul>\n\n\n\n<p><\/p>\n\n\n\n<p>So entwickelten wir eine wiederverwendbare, nachhaltige SidebySide \u00ae Maske:&nbsp;&nbsp;&nbsp; <\/p>\n\n\n\n<ul class=\"wp-block-list\"><li>Das von uns im Auftrag hergestellte innovative Filter-Vlies, wurde mit einen Hersteller entwickelt und vom \u201cIMP\u201d der Leibniz Universit\u00e4t &nbsp;gepr\u00fcft und in allen Prozessen begleitet. <\/li><li>Die sehr gute Passform der Maske erh\u00f6ht den Tragekomfort und passt sich jeder Gesichtsform an. <\/li><li>Bedingt durch die verringerte Masken-Leckage, besonders im Vergleich zu einer OP-Maske, aber auch gegen\u00fcber herk\u00f6mmlichen FFP2- Masken, verbessern wir somit den Eigen &#8211; wie auch Fremdschutz. <\/li><li>Auch diese spezifische Passform wurde im Universit\u00e4tslabor der Leibniz Universit\u00e4t Hannover, dem IMP (Institut f\u00fcr Mehrphasenprozesse) getestet.<\/li><li>Innovationf\u00f6rderung durch die NBank<\/li><\/ul>\n\n\n\n<p><\/p>\n\n\n\n<p>Unsere revolution\u00e4re, neuartige Maske ist anderen auf dem Markt befindlichen Masken mit ihrer speziellen Technologie weit \u00fcberlegen.<\/p>\n\n\n\n<p>Wir produzieren sozialvertr\u00e4glich in Usbekistan und in Rum\u00e4nien. Die Produktion in Usbekistan ist nachhaltig und umweltschonend, da die Baumwolle Vorort angebaut wird und ohne gro\u00dfe Transportkosten vorwiegend im Land weiterverarbeitet wird. Usbekistan m\u00f6chte ab 2022 ausschlie\u00dflich in Usbekistan angebaute Baumwolle verarbeiten. Die Arbeits- und Lebensbedingungen haben sich seit Jahren deutlich verbessert (<a href=\"https:\/\/www.giz.de\/de\/weltweit\/364.html\">best\u00e4tigt durch die GIZ<\/a>). Es gibt dort weder Zwangs- noch Kinderarbeit. Das versichern wir uns auch durch regelm\u00e4\u00dfige Reisen zu den Produktionsst\u00e4tten.<\/p>\n\n\n\n<p><\/p>\n","protected":false},"excerpt":{"rendered":"<p>Frei nach Richard von Weiz\u00e4cker \u201eUmweltschutz ist Nachweltschutz\u201c Ist unser oberstes Ziel ist Nachhaltigkeit und Umweltschutz Die Tutelo GmbH ist eine junge, innovative Firma aus dem Textilbereich mit Sitz in Wunstorf in der Region Hannover. Die Tutelo GmbH ist registriert als Medizinprodukt Hersteller. Als Anfang 2020 die Corona Pandemie anfing und Mund-Nasen-Schutzmasken effektiv halfen die &hellip; <\/p>\n<p class=\"link-more\"><a href=\"https:\/\/sidebyside-masken.de\/en\/ueber-uns\/\" class=\"more-link\">Continue reading<span class=\"screen-reader-text\"> &#8220;\u00dcber Uns&#8221;<\/span><\/a><\/p>\n","protected":false},"author":1,"featured_media":277,"parent":0,"menu_order":0,"comment_status":"closed","ping_status":"closed","template":"","meta":{"footnotes":""},"class_list":["post-201","page","type-page","status-publish","has-post-thumbnail","hentry"],"translation":{"provider":"WPGlobus","version":"3.0.2","language":"en","enabled_languages":["de","en"],"languages":{"de":{"title":true,"content":true,"excerpt":false},"en":{"title":false,"content":false,"excerpt":false}}},"_links":{"self":[{"href":"https:\/\/sidebyside-masken.de\/en\/wp-json\/wp\/v2\/pages\/201","targetHints":{"allow":["GET"]}}],"collection":[{"href":"https:\/\/sidebyside-masken.de\/en\/wp-json\/wp\/v2\/pages"}],"about":[{"href":"https:\/\/sidebyside-masken.de\/en\/wp-json\/wp\/v2\/types\/page"}],"author":[{"embeddable":true,"href":"https:\/\/sidebyside-masken.de\/en\/wp-json\/wp\/v2\/users\/1"}],"replies":[{"embeddable":true,"href":"https:\/\/sidebyside-masken.de\/en\/wp-json\/wp\/v2\/comments?post=201"}],"version-history":[{"count":12,"href":"https:\/\/sidebyside-masken.de\/en\/wp-json\/wp\/v2\/pages\/201\/revisions"}],"predecessor-version":[{"id":359,"href":"https:\/\/sidebyside-masken.de\/en\/wp-json\/wp\/v2\/pages\/201\/revisions\/359"}],"wp:featuredmedia":[{"embeddable":true,"href":"https:\/\/sidebyside-masken.de\/en\/wp-json\/wp\/v2\/media\/277"}],"wp:attachment":[{"href":"https:\/\/sidebyside-masken.de\/en\/wp-json\/wp\/v2\/media?parent=201"}],"curies":[{"name":"wp","href":"https:\/\/api.w.org\/{rel}","templated":true}]}}