{"id":195,"date":"2021-06-15T23:11:05","date_gmt":"2021-06-15T21:11:05","guid":{"rendered":"http:\/\/s858584942.online.de\/?page_id=195"},"modified":"2021-09-22T08:45:43","modified_gmt":"2021-09-22T06:45:43","slug":"aufbau-der-tutelo-masken","status":"publish","type":"page","link":"https:\/\/sidebyside-masken.de\/en\/aufbau-der-tutelo-masken\/","title":{"rendered":"Aufbau der Masken"},"content":{"rendered":"\n<figure class=\"wp-block-image size-large\"><img loading=\"lazy\" decoding=\"async\" width=\"1024\" height=\"415\" src=\"http:\/\/http:\/\/sidebyside-masken.de\/wp-content\/uploads\/2021\/07\/Maskenaufbau-1024x415.png\" alt=\"\" class=\"wp-image-312\" srcset=\"https:\/\/sidebyside-masken.de\/wp-content\/uploads\/2021\/07\/Maskenaufbau-1024x415.png 1024w, https:\/\/sidebyside-masken.de\/wp-content\/uploads\/2021\/07\/Maskenaufbau-300x122.png 300w, https:\/\/sidebyside-masken.de\/wp-content\/uploads\/2021\/07\/Maskenaufbau-768x311.png 768w, https:\/\/sidebyside-masken.de\/wp-content\/uploads\/2021\/07\/Maskenaufbau-1536x622.png 1536w, https:\/\/sidebyside-masken.de\/wp-content\/uploads\/2021\/07\/Maskenaufbau-2048x830.png 2048w, https:\/\/sidebyside-masken.de\/wp-content\/uploads\/2021\/07\/Maskenaufbau-600x243.png 600w\" sizes=\"auto, (max-width: 1024px) 100vw, 1024px\" \/><\/figure>\n\n\n\n<p>Die neu entwickelte Maske der Tutelo GmbH hat 4 Schichten mit einem innen fest anliegenden zertifizierten Filtervlies. Hierdurch besitzt die neue Maskenvarian\u00adte gegen\u00fcber standardisierten FFP2- und OP-Masken den Vorteil, dass sie sich der Gesichtsform des Tr\u00e4gers anpasst.<\/p>\n\n\n\n<p>Luftspalten, die durch das nicht vollst\u00e4ndige Anliegen der Masken entstehen, werden durch die perfekte Passform in verschiedenen Gr\u00f6\u00dfen verhindert.<\/p>\n\n\n\n<p>Sie sch\u00fctzt andere Personen vor Tropfen in der Ausatemluft der tragenden Person und dadurch ist auch eine sichere Verwendung der Masken in Pflege- und Hygienebereichen gew\u00e4hrleistet. Die Maske bildet die einschl\u00e4gigen Parameter der Norm DIN EN 14683 ab.<\/p>\n","protected":false},"excerpt":{"rendered":"<p>Die neu entwickelte Maske der Tutelo GmbH hat 4 Schichten mit einem innen fest anliegenden zertifizierten Filtervlies. Hierdurch besitzt die neue Maskenvarian\u00adte gegen\u00fcber standardisierten FFP2- und OP-Masken den Vorteil, dass sie sich der Gesichtsform des Tr\u00e4gers anpasst. Luftspalten, die durch das nicht vollst\u00e4ndige Anliegen der Masken entstehen, werden durch die perfekte Passform in verschiedenen Gr\u00f6\u00dfen &hellip; <\/p>\n<p class=\"link-more\"><a href=\"https:\/\/sidebyside-masken.de\/en\/aufbau-der-tutelo-masken\/\" class=\"more-link\">Continue reading<span class=\"screen-reader-text\"> &#8220;Aufbau der Masken&#8221;<\/span><\/a><\/p>\n","protected":false},"author":1,"featured_media":312,"parent":0,"menu_order":0,"comment_status":"closed","ping_status":"closed","template":"","meta":{"footnotes":""},"class_list":["post-195","page","type-page","status-publish","has-post-thumbnail","hentry"],"translation":{"provider":"WPGlobus","version":"3.0.2","language":"en","enabled_languages":["de","en"],"languages":{"de":{"title":true,"content":true,"excerpt":false},"en":{"title":false,"content":false,"excerpt":false}}},"_links":{"self":[{"href":"https:\/\/sidebyside-masken.de\/en\/wp-json\/wp\/v2\/pages\/195","targetHints":{"allow":["GET"]}}],"collection":[{"href":"https:\/\/sidebyside-masken.de\/en\/wp-json\/wp\/v2\/pages"}],"about":[{"href":"https:\/\/sidebyside-masken.de\/en\/wp-json\/wp\/v2\/types\/page"}],"author":[{"embeddable":true,"href":"https:\/\/sidebyside-masken.de\/en\/wp-json\/wp\/v2\/users\/1"}],"replies":[{"embeddable":true,"href":"https:\/\/sidebyside-masken.de\/en\/wp-json\/wp\/v2\/comments?post=195"}],"version-history":[{"count":8,"href":"https:\/\/sidebyside-masken.de\/en\/wp-json\/wp\/v2\/pages\/195\/revisions"}],"predecessor-version":[{"id":446,"href":"https:\/\/sidebyside-masken.de\/en\/wp-json\/wp\/v2\/pages\/195\/revisions\/446"}],"wp:featuredmedia":[{"embeddable":true,"href":"https:\/\/sidebyside-masken.de\/en\/wp-json\/wp\/v2\/media\/312"}],"wp:attachment":[{"href":"https:\/\/sidebyside-masken.de\/en\/wp-json\/wp\/v2\/media?parent=195"}],"curies":[{"name":"wp","href":"https:\/\/api.w.org\/{rel}","templated":true}]}}